{"id":3013,"date":"2022-09-13T18:47:47","date_gmt":"2022-09-13T16:47:47","guid":{"rendered":"https:\/\/www.sebastianusschule.de\/wp_seb\/?page_id=3013"},"modified":"2023-02-02T18:49:35","modified_gmt":"2023-02-02T17:49:35","slug":"weitere-kulturelle-angebote-im-schulleben","status":"publish","type":"page","link":"https:\/\/www.sebastianusschule.de\/wpkgss\/weitere-kulturelle-angebote-im-schulleben\/","title":{"rendered":"Weitere kulturelle Angebote im Schulleben"},"content":{"rendered":"\t\t<div data-elementor-type=\"wp-page\" data-elementor-id=\"3013\" class=\"elementor elementor-3013\">\n\t\t\t\t\t\t\t\t\t<section class=\"elementor-section elementor-top-section elementor-element elementor-element-ed24829 elementor-section-boxed elementor-section-height-default elementor-section-height-default\" data-id=\"ed24829\" data-element_type=\"section\">\n\t\t\t\t\t\t<div class=\"elementor-container elementor-column-gap-default\">\n\t\t\t\t\t<div class=\"elementor-column elementor-col-100 elementor-top-column elementor-element elementor-element-3c9c9c9\" data-id=\"3c9c9c9\" data-element_type=\"column\">\n\t\t\t<div class=\"elementor-widget-wrap elementor-element-populated\">\n\t\t\t\t\t\t\t\t<div class=\"elementor-element elementor-element-cd1811e elementor-widget elementor-widget-text-editor\" data-id=\"cd1811e\" data-element_type=\"widget\" data-widget_type=\"text-editor.default\">\n\t\t\t\t<div class=\"elementor-widget-container\">\n\t\t\t\t\t\t\t<p>W<b>eitere Angebote im Schulleben:<\/b><\/p>\n<ul>\n<li>Teilnahme der<span style=\"color: var( --e-global-color-text );\">&nbsp;Sebastianusschule am <\/span><b style=\"color: var( --e-global-color-text ); font-size: 14px;\">Aachener Friedenslauf<\/b><span style=\"color: var( --e-global-color-text );\"> alle vier Jahre.&nbsp;<\/span><\/li>\n<li>Erlebbare Demokratie durch <b>Klassenrat<\/b> und <b>Schulparlament<\/b><\/li>\n<li>Aktivit\u00e4ten im Rahmen der Zertifikaten &#8218;<b>Schule ohne Rassismus und Schule mit Courage<\/b>&#8218;<\/li>\n<li><b>Pausenengel<\/b><\/li>\n<li><b>Exkursionen<\/b> zum Energeticon (j\u00e4hrlich durch die Bildungszugabe)&nbsp;<\/li>\n<li>Exkursionen nach Aachen<\/li>\n<li>Besuch der <b>Stadtb\u00fccherei W\u00fcrselen<\/b><\/li>\n<li>Teilnahme der Viertkl\u00e4ssler am <b>Lesewettbewerb<\/b> in Kooperation mit dem F\u00f6rderverein der \u00f6rtlichen B\u00fccherei<\/li>\n<li>Teilnahme am <b>Fest der Kulturen<\/b><\/li>\n<li>Besuch des Weihnachtsst\u00fccks des <b>Aachener Stadttheaters<\/b><\/li>\n<li>Regelm\u00e4\u00dfige&nbsp;Auff\u00fchrungen des<b> DasDa-Theaters <\/b>an der Schule, teilweise verbunden mit der Teilnahme an begleitenden <b>Theater- Workshops<\/b><\/li>\n<li><b>Sebastianusfest<\/b> mit dem Rollenspiel zum Schulpatron, dem Heiligen Sebastian, und einem wechselnden kulturellen Angebot f\u00fcr alle Klassen (z.B. Theaterst\u00fccke im Alten Rathaus mit den &#8218;<b>Theaterstartern<\/b>&#8218; oder <b>Autorenlesungen)<\/b><\/li>\n<li><b>Sankt Martinfeier&nbsp;<\/b>mit Laternenumzug und dem Martinsspiel&nbsp;<\/li>\n<li><b>Martins-Spenden-Aktion<\/b> f\u00fcr die Schervierstube in Aachen<\/li>\n<li><b>Weihnachtssingen<\/b>&nbsp;<\/li>\n<li>Regelm\u00e4\u00dfige <b>Schultreffs<\/b><\/li>\n<li><b>JEKISS<\/b> &#8222;Jedem Kind seine Stimme&#8220; &#8211; das neue musikalische Projekt ab dem Schuljahr 2022\/23<\/li>\n<li>Jahrbuch der Sebastianusschule<\/li>\n<li><b>Wechselnde kulturelle Angebote durch die OGS <\/b>sowohl w\u00e4hrend der AG-Zeiten als auch in Form eines Jahresthemas als offenes Angebot w\u00e4hrend des Freispiels sowie als Thema in den Ferienspielen. Im Schuljahr 2022\/23 ist die kreative Umgestaltung der Pausenhalle ein Thema der OGS.<\/li>\n<\/ul>\t\t\t\t\t\t<\/div>\n\t\t\t\t<\/div>\n\t\t\t\t\t<\/div>\n\t\t<\/div>\n\t\t\t\t\t\t\t<\/div>\n\t\t<\/section>\n\t\t\t\t<section class=\"elementor-section elementor-top-section elementor-element elementor-element-3a9f21e elementor-section-boxed elementor-section-height-default elementor-section-height-default\" data-id=\"3a9f21e\" data-element_type=\"section\">\n\t\t\t\t\t\t<div class=\"elementor-container elementor-column-gap-default\">\n\t\t\t\t\t<div class=\"elementor-column elementor-col-100 elementor-top-column elementor-element elementor-element-103a9ad\" data-id=\"103a9ad\" data-element_type=\"column\">\n\t\t\t<div class=\"elementor-widget-wrap elementor-element-populated\">\n\t\t\t\t\t\t\t\t<div class=\"elementor-element elementor-element-822defb elementor-widget elementor-widget-text-editor\" data-id=\"822defb\" data-element_type=\"widget\" data-widget_type=\"text-editor.default\">\n\t\t\t\t<div class=\"elementor-widget-container\">\n\t\t\t\t\t\t\t<p><b>Unsere Kooperationspartner:<\/b><\/p>\t\t\t\t\t\t<\/div>\n\t\t\t\t<\/div>\n\t\t\t\t\t<\/div>\n\t\t<\/div>\n\t\t\t\t\t\t\t<\/div>\n\t\t<\/section>\n\t\t\t\t<section class=\"elementor-section elementor-top-section elementor-element elementor-element-99e7816 elementor-section-boxed elementor-section-height-default elementor-section-height-default\" data-id=\"99e7816\" data-element_type=\"section\">\n\t\t\t\t\t\t<div class=\"elementor-container elementor-column-gap-default\">\n\t\t\t\t\t<div class=\"elementor-column elementor-col-100 elementor-top-column elementor-element elementor-element-08c0f9c\" data-id=\"08c0f9c\" data-element_type=\"column\">\n\t\t\t<div class=\"elementor-widget-wrap elementor-element-populated\">\n\t\t\t\t\t\t\t\t<div class=\"elementor-element elementor-element-66d7de4 elementor-widget elementor-widget-text-editor\" data-id=\"66d7de4\" data-element_type=\"widget\" data-widget_type=\"text-editor.default\">\n\t\t\t\t<div class=\"elementor-widget-container\">\n\t\t\t\t\t\t\t<ul><li><span style=\"font-size: 14px; color: var( --e-global-color-text );\">Stadtb\u00fccherei W\u00fcrselen<\/span><\/li><li><span style=\"font-size: 14px; color: var( --e-global-color-text );\">T\u00fcr\u00f6ffner<\/span><\/li><li><span style=\"font-size: 14px; color: var( --e-global-color-text );\">Kultur und Schule \/ Bildungsb\u00fcro<\/span><\/li><li><span style=\"font-size: 14px; color: var( --e-global-color-text );\">Tanzstudio Harst, W\u00fcrselen<\/span><\/li><li><span style=\"font-size: 14px; color: var( --e-global-color-text );\">Klasse 2000<\/span><\/li><li><span style=\"font-size: 14px; color: var( --e-global-color-text );\">Schule ohne Rassismus und Schule mit Courage<\/span><\/li><\/ul>\t\t\t\t\t\t<\/div>\n\t\t\t\t<\/div>\n\t\t\t\t\t<\/div>\n\t\t<\/div>\n\t\t\t\t\t\t\t<\/div>\n\t\t<\/section>\n\t\t\t\t\t\t\t<\/div>\n\t\t","protected":false},"excerpt":{"rendered":"<p>Weitere Angebote im Schulleben: Teilnahme der&nbsp;Sebastianusschule am Aachener Friedenslauf alle vier Jahre.&nbsp; Erlebbare Demokratie durch Klassenrat und Schulparlament Aktivit\u00e4ten im Rahmen der Zertifikaten &#8218;Schule ohne Rassismus und Schule mit Courage&#8218; Pausenengel Exkursionen zum Energeticon (j\u00e4hrlich durch die Bildungszugabe)&nbsp; Exkursionen nach Aachen Besuch der Stadtb\u00fccherei W\u00fcrselen Teilnahme der Viertkl\u00e4ssler am Lesewettbewerb in Kooperation mit dem F\u00f6rderverein [&hellip;]<\/p>\n","protected":false},"author":6,"featured_media":0,"parent":0,"menu_order":0,"comment_status":"closed","ping_status":"closed","template":"","meta":{"footnotes":""},"_links":{"self":[{"href":"https:\/\/www.sebastianusschule.de\/wpkgss\/wp-json\/wp\/v2\/pages\/3013"}],"collection":[{"href":"https:\/\/www.sebastianusschule.de\/wpkgss\/wp-json\/wp\/v2\/pages"}],"about":[{"href":"https:\/\/www.sebastianusschule.de\/wpkgss\/wp-json\/wp\/v2\/types\/page"}],"author":[{"embeddable":true,"href":"https:\/\/www.sebastianusschule.de\/wpkgss\/wp-json\/wp\/v2\/users\/6"}],"replies":[{"embeddable":true,"href":"https:\/\/www.sebastianusschule.de\/wpkgss\/wp-json\/wp\/v2\/comments?post=3013"}],"version-history":[{"count":10,"href":"https:\/\/www.sebastianusschule.de\/wpkgss\/wp-json\/wp\/v2\/pages\/3013\/revisions"}],"predecessor-version":[{"id":3557,"href":"https:\/\/www.sebastianusschule.de\/wpkgss\/wp-json\/wp\/v2\/pages\/3013\/revisions\/3557"}],"wp:attachment":[{"href":"https:\/\/www.sebastianusschule.de\/wpkgss\/wp-json\/wp\/v2\/media?parent=3013"}],"curies":[{"name":"wp","href":"https:\/\/api.w.org\/{rel}","templated":true}]}}