{"id":2,"date":"2019-02-12T00:05:40","date_gmt":"2019-02-11T23:05:40","guid":{"rendered":"http:\/\/www.sebastianusschule.de\/wp_seb\/?page_id=2"},"modified":"2025-09-01T14:55:50","modified_gmt":"2025-09-01T12:55:50","slug":"startseite","status":"publish","type":"page","link":"https:\/\/www.sebastianusschule.de\/wpkgss\/","title":{"rendered":"Herzlich Willkommen an der Sebastianusschule!"},"content":{"rendered":"\t\t<div data-elementor-type=\"wp-post\" data-elementor-id=\"2\" class=\"elementor elementor-2\">\n\t\t\t\t\t\t\t\t\t<section class=\"elementor-section elementor-top-section elementor-element elementor-element-c8a8961 elementor-section-boxed elementor-section-height-default elementor-section-height-default\" data-id=\"c8a8961\" data-element_type=\"section\">\n\t\t\t\t\t\t<div class=\"elementor-container elementor-column-gap-default\">\n\t\t\t\t\t<div class=\"elementor-column elementor-col-100 elementor-top-column elementor-element elementor-element-19ca0ed\" data-id=\"19ca0ed\" data-element_type=\"column\">\n\t\t\t<div class=\"elementor-widget-wrap elementor-element-populated\">\n\t\t\t\t\t\t\t\t<div class=\"elementor-element elementor-element-af5ad08 elementor-widget elementor-widget-shortcode\" data-id=\"af5ad08\" data-element_type=\"widget\" data-widget_type=\"shortcode.default\">\n\t\t\t\t<div class=\"elementor-widget-container\">\n\t\t\t\t\t<div class=\"elementor-shortcode\"><\/div>\n\t\t\t\t<\/div>\n\t\t\t\t<\/div>\n\t\t\t\t\t<\/div>\n\t\t<\/div>\n\t\t\t\t\t\t\t<\/div>\n\t\t<\/section>\n\t\t\t\t<section class=\"elementor-section elementor-top-section elementor-element elementor-element-01a3a22 elementor-section-boxed elementor-section-height-default elementor-section-height-default\" data-id=\"01a3a22\" data-element_type=\"section\">\n\t\t\t\t\t\t<div class=\"elementor-container elementor-column-gap-default\">\n\t\t\t\t\t<div class=\"elementor-column elementor-col-100 elementor-top-column elementor-element elementor-element-e7b9398\" data-id=\"e7b9398\" data-element_type=\"column\">\n\t\t\t<div class=\"elementor-widget-wrap elementor-element-populated\">\n\t\t\t\t\t\t\t\t<div class=\"elementor-element elementor-element-4ebe3cc elementor-widget elementor-widget-text-editor\" data-id=\"4ebe3cc\" data-element_type=\"widget\" data-widget_type=\"text-editor.default\">\n\t\t\t\t<div class=\"elementor-widget-container\">\n\t\t\t\t\t\t\t<p>Im Namen der Schulgemeinschaft der Sebastianusschule begr\u00fc\u00dfe ich Sie als Schulleiterin sehr herzlich auf der Homepage unserer Schule.<\/p>\n<p>Gerne nutze ich die Gelegenheit, Ihnen an dieser Stelle einen ersten kurzen \u00dcberblick \u00fcber unsere Schule zu geben.<\/p>\n<p>Die Sebastianusschule ist eine katholische Grundschule der Stadt W\u00fcrselen. An unserem Standort in der <strong><span style=\"text-decoration: underline;\">Bahnhofstra\u00dfe 8<\/span><\/strong> lernen rund 300 Kinder in drei Z\u00fcgen gemeinsam. Wir sind eine GL Schule mit einer OGS (bis 15 oder 16 Uhr) und einer flexiblen Betreuung (bis 14.00 Uhr).<\/p>\n<p>Auf diesen Seiten finden Sch\u00fcler*innen, Eltern und interessierte Leser*innen viele wichtige Informationen \u00fcber unsere Schule; wie die Einschulung abl\u00e4uft, was den Schulalltag bestimmt, wann die n\u00e4chsten Veranstaltungen stattfinden \u2013 all das k\u00f6nnen Sie hier finden.<\/p>\n<p>Ich w\u00fcnsche Ihnen viel Spa\u00df beim St\u00f6bern auf unseren Seiten und&nbsp;lade Sie herzlich&nbsp;ein, sich auf unserer Homepage ein genaueres Bild der Sebastianusschule zu verschaffen.<\/p><p>Ihre<\/p><p>Susanne Drews<\/p>\t\t\t\t\t\t<\/div>\n\t\t\t\t<\/div>\n\t\t\t\t\t<\/div>\n\t\t<\/div>\n\t\t\t\t\t\t\t<\/div>\n\t\t<\/section>\n\t\t\t\t<section class=\"elementor-section elementor-top-section elementor-element elementor-element-b631dd8 elementor-section-boxed elementor-section-height-default elementor-section-height-default\" data-id=\"b631dd8\" data-element_type=\"section\">\n\t\t\t\t\t\t<div class=\"elementor-container elementor-column-gap-default\">\n\t\t\t\t\t<div class=\"elementor-column elementor-col-100 elementor-top-column elementor-element elementor-element-34dcdc1\" data-id=\"34dcdc1\" data-element_type=\"column\">\n\t\t\t<div class=\"elementor-widget-wrap elementor-element-populated\">\n\t\t\t\t\t\t\t\t<div class=\"elementor-element elementor-element-9ebad0e elementor-widget elementor-widget-spacer\" data-id=\"9ebad0e\" data-element_type=\"widget\" data-widget_type=\"spacer.default\">\n\t\t\t\t<div class=\"elementor-widget-container\">\n\t\t\t\t\t<div class=\"elementor-spacer\">\n\t\t\t<div class=\"elementor-spacer-inner\"><\/div>\n\t\t<\/div>\n\t\t\t\t<\/div>\n\t\t\t\t<\/div>\n\t\t\t\t<div class=\"elementor-element elementor-element-b631ce6 elementor-widget elementor-widget-heading\" data-id=\"b631ce6\" data-element_type=\"widget\" data-widget_type=\"heading.default\">\n\t\t\t\t<div class=\"elementor-widget-container\">\n\t\t\t<h2 class=\"elementor-heading-title elementor-size-default\">Aktuelles aus dem Schulleben<\/h2>\t\t<\/div>\n\t\t\t\t<\/div>\n\t\t\t\t\t<\/div>\n\t\t<\/div>\n\t\t\t\t\t\t\t<\/div>\n\t\t<\/section>\n\t\t\t\t<section class=\"elementor-section elementor-top-section elementor-element elementor-element-1180fb6 elementor-section-boxed elementor-section-height-default elementor-section-height-default\" data-id=\"1180fb6\" data-element_type=\"section\">\n\t\t\t\t\t\t<div class=\"elementor-container elementor-column-gap-default\">\n\t\t\t\t\t<div class=\"elementor-column elementor-col-100 elementor-top-column elementor-element elementor-element-0617e0b\" data-id=\"0617e0b\" data-element_type=\"column\">\n\t\t\t<div class=\"elementor-widget-wrap elementor-element-populated\">\n\t\t\t\t\t\t\t\t<div class=\"elementor-element elementor-element-bbd5b5c elementor-widget elementor-widget-shortcode\" data-id=\"bbd5b5c\" data-element_type=\"widget\" data-widget_type=\"shortcode.default\">\n\t\t\t\t<div class=\"elementor-widget-container\">\n\t\t\t\t\t<div class=\"elementor-shortcode\"><style>.wp-show-posts-columns#wpsp-5415 {margin-left: -2em; }.wp-show-posts-columns#wpsp-5415 .wp-show-posts-inner {margin: 0 0 2em 2em; }<\/style><section id=\"wpsp-5415\" class=\" wp-show-posts\" style=\"\"><article class=\" wp-show-posts-single wpsp-clearfix post-5944 post type-post status-publish format-standard hentry category-keine-kategorie entry\" itemtype=\"http:\/\/schema.org\/CreativeWork\" itemscope><div class=\"wp-show-posts-inner\" style=\"\">\t\t\t\t\t\t<header class=\"wp-show-posts-entry-header\">\n\t\t\t\t\t\t\t<h2 class=\"wp-show-posts-entry-title\" itemprop=\"headline\"><a href=\"https:\/\/www.sebastianusschule.de\/wpkgss\/frohe-osterferien-und-ein-schoenes-osterfest\/\" rel=\"bookmark\">Frohe Osterferien und ein sch\u00f6nes Osterfest!<\/a><\/h2>\t\t\t\t\t\t<\/header><!-- .entry-header -->\n\t\t\t\t\t\t\t\t\t\t\t<div class=\"wp-show-posts-entry-summary\" itemprop=\"text\">\n\t\t\t\t\t\t\t<p>Liebe Eltern, liebe Kinder, liebe Familien, wir w\u00fcnschen Ihnen und euch von Herzen erholsame und fr\u00f6hliche Osterferien! M\u00f6gen die kommenden Tage Zeit bringen zum Ausruhen, Spielen und f\u00fcr sch\u00f6ne gemeinsame&#8230;<\/p>\n\t\t\t\t\t\t<\/div><!-- .entry-summary -->\n\t\t\t\t\t<div class=\"wp-show-posts-entry-meta wp-show-posts-entry-meta-below-post post-meta-stack\"><span class=\"wp-show-posts-posted-on wp-show-posts-meta\">\n\t\t\t\t\t<a href=\"https:\/\/www.sebastianusschule.de\/wpkgss\/frohe-osterferien-und-ein-schoenes-osterfest\/\" title=\"14:00\" rel=\"bookmark\"><time class=\"wp-show-posts-entry-date published\" datetime=\"2026-03-27T14:00:00+01:00\" itemprop=\"datePublished\">27. M\u00e4rz 2026<\/time><time class=\"wp-show-posts-updated\" datetime=\"2026-03-26T15:45:30+01:00\" itemprop=\"dateModified\">26. M\u00e4rz 2026<\/time><\/a>\n\t\t\t\t<\/span><\/div><\/div><!-- wp-show-posts-inner --><div class=\"wpsp-clear\"><\/div><\/article><article class=\" wp-show-posts-single wpsp-clearfix post-5939 post type-post status-publish format-standard hentry category-keine-kategorie entry\" itemtype=\"http:\/\/schema.org\/CreativeWork\" itemscope><div class=\"wp-show-posts-inner\" style=\"\">\t\t\t\t\t\t<header class=\"wp-show-posts-entry-header\">\n\t\t\t\t\t\t\t<h2 class=\"wp-show-posts-entry-title\" itemprop=\"headline\"><a href=\"https:\/\/www.sebastianusschule.de\/wpkgss\/wuerselen-wischt-kinder-der-sebastianusschule-setzen-ein-starkes-zeichen-fuer-sauberkeit\/\" rel=\"bookmark\">\u201eW\u00fcrselen wischt\u201c \u2013 Kinder der Sebastianusschule setzen ein starkes Zeichen f\u00fcr Sauberkeit<\/a><\/h2>\t\t\t\t\t\t<\/header><!-- .entry-header -->\n\t\t\t\t\t\t\t\t\t\t\t<div class=\"wp-show-posts-entry-summary\" itemprop=\"text\">\n\t\t\t\t\t\t\t<p>Gemeinsam f\u00fcr eine saubere Stadt Unsere Grundschule hat sich auch in diesem Jahr mit gro\u00dfer Begeisterung an der stadtweiten Aktion \u201eW\u00fcrselen wischt\u201c beteiligt. Den Auftakt bildete eine informative Veranstaltung in&#8230;<\/p>\n\t\t\t\t\t\t<\/div><!-- .entry-summary -->\n\t\t\t\t\t<div class=\"wp-show-posts-entry-meta wp-show-posts-entry-meta-below-post post-meta-stack\"><span class=\"wp-show-posts-posted-on wp-show-posts-meta\">\n\t\t\t\t\t<a href=\"https:\/\/www.sebastianusschule.de\/wpkgss\/wuerselen-wischt-kinder-der-sebastianusschule-setzen-ein-starkes-zeichen-fuer-sauberkeit\/\" title=\"15:33\" rel=\"bookmark\"><time class=\"wp-show-posts-entry-date published\" datetime=\"2026-03-26T15:33:24+01:00\" itemprop=\"datePublished\">26. M\u00e4rz 2026<\/time><time class=\"wp-show-posts-updated\" datetime=\"2026-03-28T13:19:05+01:00\" itemprop=\"dateModified\">28. M\u00e4rz 2026<\/time><\/a>\n\t\t\t\t<\/span><\/div><\/div><!-- wp-show-posts-inner --><div class=\"wpsp-clear\"><\/div><\/article><article class=\" wp-show-posts-single wpsp-clearfix post-5924 post type-post status-publish format-standard hentry category-keine-kategorie entry\" itemtype=\"http:\/\/schema.org\/CreativeWork\" itemscope><div class=\"wp-show-posts-inner\" style=\"\">\t\t\t\t\t\t<header class=\"wp-show-posts-entry-header\">\n\t\t\t\t\t\t\t<h2 class=\"wp-show-posts-entry-title\" itemprop=\"headline\"><a href=\"https:\/\/www.sebastianusschule.de\/wpkgss\/eine-bank-fuer-freundschaft-und-zusammenhalt\/\" rel=\"bookmark\">Eine Bank f\u00fcr Freundschaft und Zusammenhalt<\/a><\/h2>\t\t\t\t\t\t<\/header><!-- .entry-header -->\n\t\t\t\t\t\t\t\t\t\t\t<div class=\"wp-show-posts-entry-summary\" itemprop=\"text\">\n\t\t\t\t\t\t\t<p>Auf unserem Schulhof gibt es jetzt ein ganz besonderes M\u00f6belst\u00fcck \u2013 unsere neue Freundebank! Gebaut wurde sie von einer Werkstatt, die uns dieses tolle Projekt erm\u00f6glicht hat. Die Bank hat&#8230;<\/p>\n\t\t\t\t\t\t<\/div><!-- .entry-summary -->\n\t\t\t\t\t<div class=\"wp-show-posts-entry-meta wp-show-posts-entry-meta-below-post post-meta-stack\"><span class=\"wp-show-posts-posted-on wp-show-posts-meta\">\n\t\t\t\t\t<a href=\"https:\/\/www.sebastianusschule.de\/wpkgss\/eine-bank-fuer-freundschaft-und-zusammenhalt\/\" title=\"15:17\" rel=\"bookmark\"><time class=\"wp-show-posts-entry-date published\" datetime=\"2026-03-20T15:17:21+01:00\" itemprop=\"datePublished\">20. M\u00e4rz 2026<\/time><time class=\"wp-show-posts-updated\" datetime=\"2026-03-20T15:21:53+01:00\" itemprop=\"dateModified\">20. M\u00e4rz 2026<\/time><\/a>\n\t\t\t\t<\/span><\/div><\/div><!-- wp-show-posts-inner --><div class=\"wpsp-clear\"><\/div><\/article><article class=\" wp-show-posts-single wpsp-clearfix post-5917 post type-post status-publish format-standard hentry category-keine-kategorie entry\" itemtype=\"http:\/\/schema.org\/CreativeWork\" itemscope><div class=\"wp-show-posts-inner\" style=\"\">\t\t\t\t\t\t<header class=\"wp-show-posts-entry-header\">\n\t\t\t\t\t\t\t<h2 class=\"wp-show-posts-entry-title\" itemprop=\"headline\"><a href=\"https:\/\/www.sebastianusschule.de\/wpkgss\/spende-von-warnwesten\/\" rel=\"bookmark\">Spende von Warnwesten<\/a><\/h2>\t\t\t\t\t\t<\/header><!-- .entry-header -->\n\t\t\t\t\t\t\t\t\t\t\t<div class=\"wp-show-posts-entry-summary\" itemprop=\"text\">\n\t\t\t\t\t\t\t<p>Am 10.03.2026 durfte unsere Grundschule eine gro\u00dfz\u00fcgige Spende an Warnwesten f\u00fcr das Fahrradtraining und die Fahrradpr\u00fcfung der 4. Klassen entgegennehmen. Die leuchtenden und nummerierten Schutzwesten erh\u00f6hen deutlich die Sicherheit unserer&#8230;<\/p>\n\t\t\t\t\t\t<\/div><!-- .entry-summary -->\n\t\t\t\t\t<div class=\"wp-show-posts-entry-meta wp-show-posts-entry-meta-below-post post-meta-stack\"><span class=\"wp-show-posts-posted-on wp-show-posts-meta\">\n\t\t\t\t\t<a href=\"https:\/\/www.sebastianusschule.de\/wpkgss\/spende-von-warnwesten\/\" title=\"15:46\" rel=\"bookmark\"><time class=\"wp-show-posts-entry-date published\" datetime=\"2026-03-11T15:46:03+01:00\" itemprop=\"datePublished\">11. M\u00e4rz 2026<\/time><time class=\"wp-show-posts-updated\" datetime=\"2026-03-11T15:48:13+01:00\" itemprop=\"dateModified\">11. M\u00e4rz 2026<\/time><\/a>\n\t\t\t\t<\/span><\/div><\/div><!-- wp-show-posts-inner --><div class=\"wpsp-clear\"><\/div><\/article><article class=\" wp-show-posts-single wpsp-clearfix post-5909 post type-post status-publish format-standard hentry category-keine-kategorie entry\" itemtype=\"http:\/\/schema.org\/CreativeWork\" itemscope><div class=\"wp-show-posts-inner\" style=\"\">\t\t\t\t\t\t<header class=\"wp-show-posts-entry-header\">\n\t\t\t\t\t\t\t<h2 class=\"wp-show-posts-entry-title\" itemprop=\"headline\"><a href=\"https:\/\/www.sebastianusschule.de\/wpkgss\/fu\/\" rel=\"bookmark\">Fu\u00dfballturnier der W\u00fcrselner Grundschulen<\/a><\/h2>\t\t\t\t\t\t<\/header><!-- .entry-header -->\n\t\t\t\t\t\t\t\t\t\t\t<div class=\"wp-show-posts-entry-summary\" itemprop=\"text\">\n\t\t\t\t\t\t\t<p>Am Mittwoch, 25. Februar, begleiteten Herr Rosen und Frau Cla\u00dfen die Fu\u00dfball-Schulmannschaften der M\u00e4dchen und Jungen der 4. Klassen der Sebastianusschule zum Fu\u00dfballturnier aller W\u00fcrselener Grundschulen. Herr Rosen hatte die&#8230;<\/p>\n\t\t\t\t\t\t<\/div><!-- .entry-summary -->\n\t\t\t\t\t<div class=\"wp-show-posts-entry-meta wp-show-posts-entry-meta-below-post post-meta-stack\"><span class=\"wp-show-posts-posted-on wp-show-posts-meta\">\n\t\t\t\t\t<a href=\"https:\/\/www.sebastianusschule.de\/wpkgss\/fu\/\" title=\"15:39\" rel=\"bookmark\"><time class=\"wp-show-posts-entry-date published\" datetime=\"2026-03-11T15:39:52+01:00\" itemprop=\"datePublished\">11. M\u00e4rz 2026<\/time><time class=\"wp-show-posts-updated\" datetime=\"2026-03-11T15:43:49+01:00\" itemprop=\"dateModified\">11. M\u00e4rz 2026<\/time><\/a>\n\t\t\t\t<\/span><\/div><\/div><!-- wp-show-posts-inner --><div class=\"wpsp-clear\"><\/div><\/article><\/section><!-- .wp-show-posts --><\/div>\n\t\t\t\t<\/div>\n\t\t\t\t<\/div>\n\t\t\t\t\t<\/div>\n\t\t<\/div>\n\t\t\t\t\t\t\t<\/div>\n\t\t<\/section>\n\t\t\t\t<section class=\"elementor-section elementor-top-section elementor-element elementor-element-baffc6f elementor-section-boxed elementor-section-height-default elementor-section-height-default\" data-id=\"baffc6f\" data-element_type=\"section\">\n\t\t\t\t\t\t<div class=\"elementor-container elementor-column-gap-default\">\n\t\t\t\t\t<div class=\"elementor-column elementor-col-100 elementor-top-column elementor-element elementor-element-d9988b1\" data-id=\"d9988b1\" data-element_type=\"column\">\n\t\t\t<div class=\"elementor-widget-wrap\">\n\t\t\t\t\t\t\t\t\t<\/div>\n\t\t<\/div>\n\t\t\t\t\t\t\t<\/div>\n\t\t<\/section>\n\t\t\t\t\t\t\t<\/div>\n\t\t","protected":false},"excerpt":{"rendered":"<p>Im Namen der Schulgemeinschaft der Sebastianusschule begr\u00fc\u00dfe ich Sie als Schulleiterin sehr herzlich auf der Homepage unserer Schule. Gerne nutze ich die Gelegenheit, Ihnen an dieser Stelle einen ersten kurzen \u00dcberblick \u00fcber unsere Schule zu geben. Die Sebastianusschule ist eine katholische Grundschule der Stadt W\u00fcrselen. An unserem Standort in der Bahnhofstra\u00dfe 8 lernen rund 300 [&hellip;]<\/p>\n","protected":false},"author":1,"featured_media":0,"parent":0,"menu_order":0,"comment_status":"closed","ping_status":"closed","template":"","meta":{"footnotes":""},"_links":{"self":[{"href":"https:\/\/www.sebastianusschule.de\/wpkgss\/wp-json\/wp\/v2\/pages\/2"}],"collection":[{"href":"https:\/\/www.sebastianusschule.de\/wpkgss\/wp-json\/wp\/v2\/pages"}],"about":[{"href":"https:\/\/www.sebastianusschule.de\/wpkgss\/wp-json\/wp\/v2\/types\/page"}],"author":[{"embeddable":true,"href":"https:\/\/www.sebastianusschule.de\/wpkgss\/wp-json\/wp\/v2\/users\/1"}],"replies":[{"embeddable":true,"href":"https:\/\/www.sebastianusschule.de\/wpkgss\/wp-json\/wp\/v2\/comments?post=2"}],"version-history":[{"count":52,"href":"https:\/\/www.sebastianusschule.de\/wpkgss\/wp-json\/wp\/v2\/pages\/2\/revisions"}],"predecessor-version":[{"id":5475,"href":"https:\/\/www.sebastianusschule.de\/wpkgss\/wp-json\/wp\/v2\/pages\/2\/revisions\/5475"}],"wp:attachment":[{"href":"https:\/\/www.sebastianusschule.de\/wpkgss\/wp-json\/wp\/v2\/media?parent=2"}],"curies":[{"name":"wp","href":"https:\/\/api.w.org\/{rel}","templated":true}]}}