{"id":12,"date":"2019-02-12T00:21:20","date_gmt":"2019-02-11T23:21:20","guid":{"rendered":"http:\/\/www.sebastianusschule.de\/wp_seb\/?page_id=12"},"modified":"2025-08-21T14:52:42","modified_gmt":"2025-08-21T12:52:42","slug":"presse","status":"publish","type":"page","link":"https:\/\/www.sebastianusschule.de\/wpkgss\/presse\/","title":{"rendered":"Kontakt Sebastianusschule"},"content":{"rendered":"\t\t<div data-elementor-type=\"wp-post\" data-elementor-id=\"12\" class=\"elementor elementor-12\">\n\t\t\t\t\t\t\t\t\t<section class=\"elementor-section elementor-top-section elementor-element elementor-element-27cfd69 elementor-section-boxed elementor-section-height-default elementor-section-height-default\" data-id=\"27cfd69\" data-element_type=\"section\">\n\t\t\t\t\t\t<div class=\"elementor-container elementor-column-gap-default\">\n\t\t\t\t\t<div class=\"elementor-column elementor-col-100 elementor-top-column elementor-element elementor-element-9319c6d\" data-id=\"9319c6d\" data-element_type=\"column\">\n\t\t\t<div class=\"elementor-widget-wrap elementor-element-populated\">\n\t\t\t\t\t\t\t\t<div class=\"elementor-element elementor-element-513d1f3 elementor-widget elementor-widget-heading\" data-id=\"513d1f3\" data-element_type=\"widget\" data-widget_type=\"heading.default\">\n\t\t\t\t<div class=\"elementor-widget-container\">\n\t\t\t<h2 class=\"elementor-heading-title elementor-size-default\">Kontakt <\/h2>\t\t<\/div>\n\t\t\t\t<\/div>\n\t\t\t\t\t<\/div>\n\t\t<\/div>\n\t\t\t\t\t\t\t<\/div>\n\t\t<\/section>\n\t\t\t\t<section class=\"elementor-section elementor-top-section elementor-element elementor-element-68cafe5 elementor-section-boxed elementor-section-height-default elementor-section-height-default\" data-id=\"68cafe5\" data-element_type=\"section\">\n\t\t\t\t\t\t<div class=\"elementor-container elementor-column-gap-default\">\n\t\t\t\t\t<div class=\"elementor-column elementor-col-50 elementor-top-column elementor-element elementor-element-ba9546e\" data-id=\"ba9546e\" data-element_type=\"column\">\n\t\t\t<div class=\"elementor-widget-wrap elementor-element-populated\">\n\t\t\t\t\t\t\t\t<div class=\"elementor-element elementor-element-9777b24 elementor-widget elementor-widget-text-editor\" data-id=\"9777b24\" data-element_type=\"widget\" data-widget_type=\"text-editor.default\">\n\t\t\t\t<div class=\"elementor-widget-container\">\n\t\t\t\t\t\t\t<p><strong>Sebastianusschule W\u00fcrselen<\/strong><\/p><p><span style=\"font-size: 14px;\">Bahnhofstra\u00dfe 8<\/span><\/p><p><span style=\"font-size: 14px;\">52146 W\u00fcrselen<\/span><\/p><p><span style=\"font-size: 14px;\">Tel.: 02405\/413250<\/span><\/p><p>E-Mail: <a href=\"mailto:kgssebastianusschule@wuerselen.de\">kgssebastianusschule@wuerselen.de<\/a><\/p>\t\t\t\t\t\t<\/div>\n\t\t\t\t<\/div>\n\t\t\t\t\t<\/div>\n\t\t<\/div>\n\t\t\t\t<div class=\"elementor-column elementor-col-50 elementor-top-column elementor-element elementor-element-a04cd34\" data-id=\"a04cd34\" data-element_type=\"column\">\n\t\t\t<div class=\"elementor-widget-wrap elementor-element-populated\">\n\t\t\t\t\t\t\t\t<div class=\"elementor-element elementor-element-8112c8a elementor-widget__width-initial elementor-widget elementor-widget-google_maps\" data-id=\"8112c8a\" data-element_type=\"widget\" data-widget_type=\"google_maps.default\">\n\t\t\t\t<div class=\"elementor-widget-container\">\n\t\t\t\t\t<div class=\"elementor-custom-embed\">\n\t\t\t<iframe loading=\"lazy\"\n\t\t\t\t\tsrc=\"https:\/\/maps.google.com\/maps?q=Bahnhofstra%C3%9Fe%208%20W%C3%BCrselen&#038;t=m&#038;z=15&#038;output=embed&#038;iwloc=near\"\n\t\t\t\t\ttitle=\"Bahnhofstra\u00dfe 8 W\u00fcrselen\"\n\t\t\t\t\taria-label=\"Bahnhofstra\u00dfe 8 W\u00fcrselen\"\n\t\t\t><\/iframe>\n\t\t<\/div>\n\t\t\t\t<\/div>\n\t\t\t\t<\/div>\n\t\t\t\t\t<\/div>\n\t\t<\/div>\n\t\t\t\t\t\t\t<\/div>\n\t\t<\/section>\n\t\t\t\t<section class=\"elementor-section elementor-top-section elementor-element elementor-element-b70ff6e elementor-section-boxed elementor-section-height-default elementor-section-height-default\" data-id=\"b70ff6e\" data-element_type=\"section\">\n\t\t\t\t\t\t<div class=\"elementor-container elementor-column-gap-default\">\n\t\t\t\t\t<div class=\"elementor-column elementor-col-100 elementor-top-column elementor-element elementor-element-ee3a286\" data-id=\"ee3a286\" data-element_type=\"column\">\n\t\t\t<div class=\"elementor-widget-wrap\">\n\t\t\t\t\t\t\t\t\t<\/div>\n\t\t<\/div>\n\t\t\t\t\t\t\t<\/div>\n\t\t<\/section>\n\t\t\t\t\t\t\t<\/div>\n\t\t","protected":false},"excerpt":{"rendered":"<p>Kontakt Sebastianusschule W\u00fcrselen Bahnhofstra\u00dfe 8 52146 W\u00fcrselen Tel.: 02405\/413250 E-Mail: kgssebastianusschule@wuerselen.de<\/p>\n","protected":false},"author":1,"featured_media":0,"parent":0,"menu_order":0,"comment_status":"closed","ping_status":"closed","template":"","meta":{"footnotes":""},"_links":{"self":[{"href":"https:\/\/www.sebastianusschule.de\/wpkgss\/wp-json\/wp\/v2\/pages\/12"}],"collection":[{"href":"https:\/\/www.sebastianusschule.de\/wpkgss\/wp-json\/wp\/v2\/pages"}],"about":[{"href":"https:\/\/www.sebastianusschule.de\/wpkgss\/wp-json\/wp\/v2\/types\/page"}],"author":[{"embeddable":true,"href":"https:\/\/www.sebastianusschule.de\/wpkgss\/wp-json\/wp\/v2\/users\/1"}],"replies":[{"embeddable":true,"href":"https:\/\/www.sebastianusschule.de\/wpkgss\/wp-json\/wp\/v2\/comments?post=12"}],"version-history":[{"count":37,"href":"https:\/\/www.sebastianusschule.de\/wpkgss\/wp-json\/wp\/v2\/pages\/12\/revisions"}],"predecessor-version":[{"id":5393,"href":"https:\/\/www.sebastianusschule.de\/wpkgss\/wp-json\/wp\/v2\/pages\/12\/revisions\/5393"}],"wp:attachment":[{"href":"https:\/\/www.sebastianusschule.de\/wpkgss\/wp-json\/wp\/v2\/media?parent=12"}],"curies":[{"name":"wp","href":"https:\/\/api.w.org\/{rel}","templated":true}]}}