{"id":485,"date":"2019-04-09T13:56:24","date_gmt":"2019-04-09T11:56:24","guid":{"rendered":"http:\/\/www.sebastianusschule.de\/wp_seb\/?page_id=485"},"modified":"2024-09-26T22:11:06","modified_gmt":"2024-09-26T20:11:06","slug":"schuelerparlament","status":"publish","type":"page","link":"http:\/\/www.sebastianusschule.de\/wpkgss\/schuelerparlament\/","title":{"rendered":"Schulparlament"},"content":{"rendered":"\t\t<div data-elementor-type=\"wp-post\" data-elementor-id=\"485\" class=\"elementor elementor-485\">\n\t\t\t\t\t\t\t\t\t<section class=\"elementor-section elementor-top-section elementor-element elementor-element-a59dae7 elementor-section-boxed elementor-section-height-default elementor-section-height-default\" data-id=\"a59dae7\" data-element_type=\"section\">\n\t\t\t\t\t\t<div class=\"elementor-container elementor-column-gap-default\">\n\t\t\t\t\t<div class=\"elementor-column elementor-col-100 elementor-top-column elementor-element elementor-element-8bb8ee4\" data-id=\"8bb8ee4\" data-element_type=\"column\">\n\t\t\t<div class=\"elementor-widget-wrap elementor-element-populated\">\n\t\t\t\t\t\t\t\t<div class=\"elementor-element elementor-element-34a189e elementor-widget elementor-widget-heading\" data-id=\"34a189e\" data-element_type=\"widget\" data-widget_type=\"heading.default\">\n\t\t\t\t<div class=\"elementor-widget-container\">\n\t\t\t<h2 class=\"elementor-heading-title elementor-size-default\">Teilnehmer*innen des Schulparlaments <\/h2>\t\t<\/div>\n\t\t\t\t<\/div>\n\t\t\t\t\t<\/div>\n\t\t<\/div>\n\t\t\t\t\t\t\t<\/div>\n\t\t<\/section>\n\t\t\t\t<section class=\"elementor-section elementor-top-section elementor-element elementor-element-8191772 elementor-section-boxed elementor-section-height-default elementor-section-height-default\" data-id=\"8191772\" data-element_type=\"section\">\n\t\t\t\t\t\t<div class=\"elementor-container elementor-column-gap-default\">\n\t\t\t\t\t<div class=\"elementor-column elementor-col-100 elementor-top-column elementor-element elementor-element-611d854\" data-id=\"611d854\" data-element_type=\"column\">\n\t\t\t<div class=\"elementor-widget-wrap elementor-element-populated\">\n\t\t\t\t\t\t\t\t<div class=\"elementor-element elementor-element-dad0334 elementor-widget elementor-widget-image\" data-id=\"dad0334\" data-element_type=\"widget\" data-widget_type=\"image.default\">\n\t\t\t\t<div class=\"elementor-widget-container\">\n\t\t\t\t\t\t\t\t\t\t\t\t\t\t\t<img decoding=\"async\" loading=\"lazy\" width=\"1024\" height=\"899\" src=\"http:\/\/www.sebastianusschule.de\/wpkgss\/wp-content\/uploads\/2024\/09\/DSC05172-2-1024x899.jpg\" class=\"attachment-large size-large wp-image-4554\" alt=\"\" srcset=\"http:\/\/www.sebastianusschule.de\/wpkgss\/wp-content\/uploads\/2024\/09\/DSC05172-2-1024x899.jpg 1024w, http:\/\/www.sebastianusschule.de\/wpkgss\/wp-content\/uploads\/2024\/09\/DSC05172-2-300x263.jpg 300w, http:\/\/www.sebastianusschule.de\/wpkgss\/wp-content\/uploads\/2024\/09\/DSC05172-2-768x675.jpg 768w, http:\/\/www.sebastianusschule.de\/wpkgss\/wp-content\/uploads\/2024\/09\/DSC05172-2-1536x1349.jpg 1536w, http:\/\/www.sebastianusschule.de\/wpkgss\/wp-content\/uploads\/2024\/09\/DSC05172-2-2048x1799.jpg 2048w\" sizes=\"(max-width: 1024px) 100vw, 1024px\" \/>\t\t\t\t\t\t\t\t\t\t\t\t\t\t\t<\/div>\n\t\t\t\t<\/div>\n\t\t\t\t\t<\/div>\n\t\t<\/div>\n\t\t\t\t\t\t\t<\/div>\n\t\t<\/section>\n\t\t\t\t<section class=\"elementor-section elementor-top-section elementor-element elementor-element-9590c15 elementor-section-boxed elementor-section-height-default elementor-section-height-default\" data-id=\"9590c15\" data-element_type=\"section\">\n\t\t\t\t\t\t<div class=\"elementor-container elementor-column-gap-default\">\n\t\t\t\t\t<div class=\"elementor-column elementor-col-100 elementor-top-column elementor-element elementor-element-7e50345\" data-id=\"7e50345\" data-element_type=\"column\">\n\t\t\t<div class=\"elementor-widget-wrap elementor-element-populated\">\n\t\t\t\t\t\t\t\t<div class=\"elementor-element elementor-element-36cf1f8 elementor-widget elementor-widget-text-editor\" data-id=\"36cf1f8\" data-element_type=\"widget\" data-widget_type=\"text-editor.default\">\n\t\t\t\t<div class=\"elementor-widget-container\">\n\t\t\t\t\t\t\t<h2>Schulparlament<\/h2><p>In einer Schule, wo sich alle weitgehend wohl f\u00fchlen und in einer ansprechenden und anregenden Atmosph\u00e4re arbeiten sollen, m\u00fcssen auch alle ein Mitsprache- und Mitbestimmungsrecht haben. Daher gibt es seit dem Schuljahr 2017\/2018 an unserer Schule ein Schulparlament.\u00a0 Das Schulparlament tr\u00e4gt zur positiven Gestaltung des Schulalltags bei.<\/p><p><b>Ideen und Ziele des Schulparlaments<\/b><\/p><p>Partizipation in der Grundschule beinhaltet Mitwirkung, Mitbestimmung und Teilhabe an Entscheidungen, die einen selbst und andere betreffen.<\/p><p><b>F\u00fcr die Zielsetzung der p\u00e4dagogischen Erziehung bedeutet dies:<\/b><\/p><p>Der Erwerb und die Ausbildung von Sozialkompetenz und Toleranz,<br \/>das Erlernen von selbstbestimmtem Handeln,<br \/>die St\u00e4rkung der Ich \u2013 Kompetenz,<br \/>die Bef\u00e4higung zur Artikulation eigener Interessen,<br \/>die Ausbildung von Kritik- und Kommunikationsf\u00e4higkeit,<br \/>die Entwicklung von Zivilcourage,<br \/>die Bereitschaft Verantwortung f\u00fcr sich und andere zu \u00fcbernehmen und<br \/>erste Grundregeln der demokratischen Mitbestimmung zu erfahren.<br \/>Aufgabe der Schule ist es hierbei, partizipative M\u00f6glichkeiten in der Schule erkennen und nutzen zu k\u00f6nnen.<\/p><p><b>Zusammensetzung<\/b><\/p><p>Das Schulparlament setzt sich zusammen aus den Klassensprechern aller Klassen. In der Klasse werden 2 Sch\u00fclerinnen oder Sch\u00fcler zum Klassensprecher gew\u00e4hlt. Die Klassensprecher des ersten Schuljahres sollen sp\u00e4testens ab dem 2. Schulhalbjahr an den Treffen des Schulparlaments teilnehmen.<\/p><p><b>Umsetzung des Schulparlaments<\/b><\/p><p>Das Schulparlament tagt einmal im Quartal, bei wichtigen aktuellen Anl\u00e4ssen auch h\u00e4ufiger. Begleitet werden die Sitzungen in der Regel durch den Schulleiter und die Schulsozialarbeiterin.<\/p><p>Der Ablauf orientiert sich an den Regeln des Klassenrats.<\/p><p>Das Schulparlament \u2026<\/p><p>ben\u00f6tigt eine ganze Schulstunde, eventuell mit der M\u00f6glichkeit weiterzuarbeiten, wenn ein dringendes Thema noch nicht gekl\u00e4rt ist,<br \/>feste Regeln, feste Abl\u00e4ufe und feste \u00c4mter, die von den Kindern ausge\u00fcbt werden,<br \/>findet in einer Sitzform statt, die f\u00fcr Diskussionen f\u00f6rderlich ist (so, dass jeder jeden sehen kann),<br \/>von jeder Sitzung wird ein Protokoll angefertigt (Dokumentation),<br \/>zu Beginn jeder Sitzung werden die getroffenen Beschl\u00fcsse der letzten Sitzung reflektiert.\u00a0<\/p><p>Anfallende Probleme, aber auch Vorhaben, die die gesamte Schulgemeinde betreffen, werden diskutiert und L\u00f6sungsvorschl\u00e4ge gesammelt.<\/p><p>\u00dcber die Sitzungen werden Protokolle geschrieben und an die Klassen verteilt. Im Anschluss an die Sitzungen des Schulparlaments m\u00fcssen die Klassenlehrer ihrer Klasse ausreichend Zeit zur Verf\u00fcgung stellen, damit die Klassensprecher ihren Mitsch\u00fclern aus den Parlamentssitzungen berichten k\u00f6nnen und innerhalb der Klasse dar\u00fcber gesprochen werden kann.<\/p><p>Jeder Klassenrat kann \u00fcber die L\u00f6sungsvorschl\u00e4ge abstimmen, indem er sich z. B. f\u00fcr einen bestimmten Vorschlag entscheidet. In der n\u00e4chsten Sitzung des Schulparlaments berichten die Klassenvertreterinnen und Klassenvertreter \u00fcber die Abstimmungsergebnisse in ihren Klassen.<br \/>Der L\u00f6sungsvorschlag, der von den meisten Klassen gew\u00e4hlt wurde, wird im Schulparlament nun verbindlich festgelegt.<\/p><p>Auf dieses Art und Weise erfahren die Kinder durch die konstruktive Mitwirkung, dass Schule und die Gestaltung schuli\u00adschen Lebens ihre Sache ist, weil sie mithelfen k\u00f6nnen, ihre Schule so kinderfreundlich und angenehm wie m\u00f6glich zu gestalten. Auf ihrem Weg zu \u00adverantwortlichen Mitgliedern der Gemeinschaft werden die Kinder einbezogen und erfahren demokratisches Leben.<\/p><p>Erfolgreiche Aktionen des Schulparlaments waren u.a. die Auswahl der Spielger\u00e4te f\u00fcr das Spielehaus auf Vorschl\u00e4ge der Sportlehrer*innen sowie die Plakaterstellung zur Reinhaltung der Toiletten.<\/p>\t\t\t\t\t\t<\/div>\n\t\t\t\t<\/div>\n\t\t\t\t<div class=\"elementor-element elementor-element-6441550 elementor-widget elementor-widget-image\" data-id=\"6441550\" data-element_type=\"widget\" data-widget_type=\"image.default\">\n\t\t\t\t<div class=\"elementor-widget-container\">\n\t\t\t\t\t\t\t\t\t\t\t\t<figure class=\"wp-caption\">\n\t\t\t\t\t\t\t\t\t\t<img decoding=\"async\" loading=\"lazy\" width=\"768\" height=\"675\" src=\"http:\/\/www.sebastianusschule.de\/wpkgss\/wp-content\/uploads\/2024\/09\/DSC05172-2-768x675.jpg\" class=\"attachment-medium_large size-medium_large wp-image-4554\" alt=\"\" srcset=\"http:\/\/www.sebastianusschule.de\/wpkgss\/wp-content\/uploads\/2024\/09\/DSC05172-2-768x675.jpg 768w, http:\/\/www.sebastianusschule.de\/wpkgss\/wp-content\/uploads\/2024\/09\/DSC05172-2-300x263.jpg 300w, http:\/\/www.sebastianusschule.de\/wpkgss\/wp-content\/uploads\/2024\/09\/DSC05172-2-1024x899.jpg 1024w, http:\/\/www.sebastianusschule.de\/wpkgss\/wp-content\/uploads\/2024\/09\/DSC05172-2-1536x1349.jpg 1536w, http:\/\/www.sebastianusschule.de\/wpkgss\/wp-content\/uploads\/2024\/09\/DSC05172-2-2048x1799.jpg 2048w\" sizes=\"(max-width: 768px) 100vw, 768px\" \/>\t\t\t\t\t\t\t\t\t\t\t<figcaption class=\"widget-image-caption wp-caption-text\">Schulparlament Schuljahr 2024\/2025<\/figcaption>\n\t\t\t\t\t\t\t\t\t\t<\/figure>\n\t\t\t\t\t\t\t\t\t<\/div>\n\t\t\t\t<\/div>\n\t\t\t\t\t<\/div>\n\t\t<\/div>\n\t\t\t\t\t\t\t<\/div>\n\t\t<\/section>\n\t\t\t\t\t\t\t<\/div>\n\t\t","protected":false},"excerpt":{"rendered":"<p>Teilnehmer*innen des Schulparlaments Schulparlament In einer Schule, wo sich alle weitgehend wohl f\u00fchlen und in einer ansprechenden und anregenden Atmosph\u00e4re arbeiten sollen, m\u00fcssen auch alle ein Mitsprache- und Mitbestimmungsrecht haben. Daher gibt es seit dem Schuljahr 2017\/2018 an unserer Schule ein Schulparlament.\u00a0 Das Schulparlament tr\u00e4gt zur positiven Gestaltung des Schulalltags bei. Ideen und Ziele des [&hellip;]<\/p>\n","protected":false},"author":6,"featured_media":0,"parent":0,"menu_order":0,"comment_status":"closed","ping_status":"closed","template":"","meta":{"footnotes":""},"_links":{"self":[{"href":"http:\/\/www.sebastianusschule.de\/wpkgss\/wp-json\/wp\/v2\/pages\/485"}],"collection":[{"href":"http:\/\/www.sebastianusschule.de\/wpkgss\/wp-json\/wp\/v2\/pages"}],"about":[{"href":"http:\/\/www.sebastianusschule.de\/wpkgss\/wp-json\/wp\/v2\/types\/page"}],"author":[{"embeddable":true,"href":"http:\/\/www.sebastianusschule.de\/wpkgss\/wp-json\/wp\/v2\/users\/6"}],"replies":[{"embeddable":true,"href":"http:\/\/www.sebastianusschule.de\/wpkgss\/wp-json\/wp\/v2\/comments?post=485"}],"version-history":[{"count":41,"href":"http:\/\/www.sebastianusschule.de\/wpkgss\/wp-json\/wp\/v2\/pages\/485\/revisions"}],"predecessor-version":[{"id":4560,"href":"http:\/\/www.sebastianusschule.de\/wpkgss\/wp-json\/wp\/v2\/pages\/485\/revisions\/4560"}],"wp:attachment":[{"href":"http:\/\/www.sebastianusschule.de\/wpkgss\/wp-json\/wp\/v2\/media?parent=485"}],"curies":[{"name":"wp","href":"https:\/\/api.w.org\/{rel}","templated":true}]}}