{"id":254,"date":"2019-03-18T18:50:37","date_gmt":"2019-03-18T17:50:37","guid":{"rendered":"http:\/\/www.sebastianusschule.de\/wp_seb\/?page_id=254"},"modified":"2024-06-24T16:54:58","modified_gmt":"2024-06-24T14:54:58","slug":"praktikum","status":"publish","type":"page","link":"http:\/\/www.sebastianusschule.de\/wpkgss\/praktikum\/","title":{"rendered":"Praktikum"},"content":{"rendered":"\t\t<div data-elementor-type=\"wp-post\" data-elementor-id=\"254\" class=\"elementor elementor-254\">\n\t\t\t\t\t\t\t\t\t<section class=\"elementor-section elementor-top-section elementor-element elementor-element-4cfa4cd elementor-section-boxed elementor-section-height-default elementor-section-height-default\" data-id=\"4cfa4cd\" data-element_type=\"section\">\n\t\t\t\t\t\t<div class=\"elementor-container elementor-column-gap-default\">\n\t\t\t\t\t<div class=\"elementor-column elementor-col-100 elementor-top-column elementor-element elementor-element-4a50eff\" data-id=\"4a50eff\" data-element_type=\"column\">\n\t\t\t<div class=\"elementor-widget-wrap elementor-element-populated\">\n\t\t\t\t\t\t\t\t<div class=\"elementor-element elementor-element-6e61619 elementor-widget elementor-widget-text-editor\" data-id=\"6e61619\" data-element_type=\"widget\" data-widget_type=\"text-editor.default\">\n\t\t\t\t<div class=\"elementor-widget-container\">\n\t\t\t\t\t\t\t<p><strong>Praktikum an der Sebastianusschule<\/strong><\/p><p>Regelm\u00e4\u00dfig absolvieren Sch\u00fcler*innen der weiterf\u00fchrenden Schulen sowie Student*innen mehrw\u00f6chige Praktika an unserer Schule. In Zusammenarbeit mit den betreuenden Lehrkr\u00e4ften erhalten Sie wertvolle Einblicke in den Schulalltag aus Lehrersicht. Wir versuchen, Ihnen unsere Arbeit transparent zu machen und vieles zu erl\u00e4utern. Seien Sie gerne neugierig und fragen Sie nach, wenn etwas unklar ist oder Sie Beobachtungen machen, die Sie schwer einsch\u00e4tzen k\u00f6nnen. Jeder aus unserem Team ist offen f\u00fcr Fragen. Wir sehen die Mitwirkung an der Ausbildung von Studierenden und Lehramtsanw\u00e4rtern sowie bei Sch\u00fclerpraktika als einen bedeutenden Teil unserer p\u00e4dagogischen Arbeit an. Alle Beteiligten profitieren vom regelm\u00e4\u00dfigen Austausch der Lehrkr\u00e4fte mit Anw\u00e4rtern, Studierenden und Fachseminarleitern \u00fcber aktuelle methodisch-didaktische Ans\u00e4tze.<\/p><p>Am ersten Praktikumstag findet in der Regel um 9.30 Uhr ein kurzes Gespr\u00e4ch mit der Schulleitung und\/oder der OGS Koordinatorin statt.<\/p><p><strong>Organisation des Praktikums<\/strong> \u00a0\u00a0\u00a0<\/p><p><strong>Schulischer Bereich <\/strong><\/p><p>Die Praktikant*innen hospitieren in der Regel in der ersten Woche des Praktikums m\u00f6glichst viele Stunden in ihren Klassen und erleben den Unterricht in unterschiedlichen F\u00e4chern bei mehreren Lehrerinnen. Ab der zweiten Woche setzen die Praktikant*innen eigene Schwerpunkte, wie z.B. die kontinuierliche Teilnahme am Unterricht in einer Klasse, bei einer Lehrerin, in einer Jahrgangsstufe etc. Dabei versuchen wir stets zu ber\u00fccksichtigen, welche Beobachtungsschwerpunkte von den Praktikant*innen ausgew\u00e4hlt werden oder welche individuellen W\u00fcnsche bestehen. Je nach Art des\u00a0 Praktikums k\u00f6nnen im weiteren Verlauf neben der Hospitation auch eigene Unterrichtserfahrungen\u00a0 gesammelt werden, indem der \/ die\u00a0 Praktikant\/in z.B. geplante Teile von Unterrichtsstunden; Betreuungsaufgaben von einzelnen Kindern \u00fcbernimmt oder eigenen Unterricht unter Anleitung einer erfahrenen Lehrkraft selbst plant, durchf\u00fchrt und reflektiert.<\/p><p><strong>OGS Bereich<\/strong><\/p><p>Bitte beachten Sie, dass wir eine Offene Ganztagsschule sind und von allen Sch\u00fclerpraktikantInnen erwarten, dass Sie im Rahmen der Unterrichtszeit von 8.00 bis 16.00 Uhr anwesend und aktiv sind. Nach Unterrichtsende kommen z.Zt. 150 Kinder aller Altersstufen zu uns in die OGS. In der Mensa gibt es ein warmes Mittagessen und die Hausaufgaben werden erledigt. W\u00e4hrend die Kinder in der Mensa sind, haben Sie als Praktikant*innen eine 45min\u00fctige Pause.<\/p><p>Die Freizeit verbringen die Kinder gruppen\u00fcbergreifend drinnen und drau\u00dfen. Zus\u00e4tzlich finden im Nachmittag Kurse statt, die die Kinder ausw\u00e4hlen und ein Halbjahr regelm\u00e4\u00dfig besuchen. Bei alldem werden die Kinder aktiv von den Sch\u00fclerpraktikant*innen begleitet und unterst\u00fctzt.<\/p><p><strong>Selbstverpflichtung:<\/strong><\/p><p>Als Praktikant*In an der Sebastianusschule verpflichte ich mich:<\/p><ul><li>einen offenen, freundlichen und wertsch\u00e4tzenden Umgang mit allen Kindern und Mitarbeitern zu pflegen<\/li><li>ein aktives Interesse an der Arbeit mit unseren Kindern zu zeigen<\/li><li>mich einf\u00fchlsam auf die Kinder einzulassen und Beziehung zu ihnen aufzubauen<\/li><li>mich selbstst\u00e4ndig mit dem Schulprogramm auseinander zu setzen<\/li><li>die in der Schule geltenden Regeln zu beachten<\/li><li>selbst als Vorbild die Regeln einzuhalten<\/li><li>mich aktiv und mit pers\u00f6nlichem Einsatz in allen Bereichen einzubringen<\/li><li>mich in der OGS aktiv mit den Kindern zu besch\u00e4ftigen, ihnen zuzuh\u00f6ren und aktiv mit ihnen zu spielen \u2013 drinnen und drau\u00dfen<\/li><li>selbstst\u00e4ndig und rechtzeitig Absprachen zu weiteren Angelegenheiten und Terminen zu treffen<\/li><li>im Krankheitsfall unverz\u00fcglich die Schule per Mail zu benachrichtigen<\/li><li>mein Handy auf dem Schulgeb\u00e4ude auszuschalten und nicht zu nutzen<\/li><li>die Schweigepflicht bzgl. personenbezogener Daten au\u00dferhalb der Schule einzuhalten<\/li><\/ul><p><strong>Alle Informationen \u00fcber Kinder, deren Familien und innerschulische Geschehnisse <br \/>stehen unter absoluter Verschwiegenheitspflicht und d\u00fcrfen nicht weitergegeben werden<\/strong><strong>.<\/strong><\/p><p>Die Schweigepflichtserkl\u00e4rung bzw. die Selbstverpflichtung (siehe <a href=\"http:\/\/Download\" data-wplink-url-error=\"true\">Verschwiegenheitsverpflichtung Selbstverpflichtung Praktikant<\/a>) bitte <strong>ausgef\u00fcllt und unterschrieben zeitnah vorab <\/strong>zur Schule zu senden<\/p><p><strong>Bewerbung zum Praktikum: <\/strong><\/p><p>Wenn Sie Interesse an einem Praktikum an unserer Schule haben, melden Sie sich bitte fr\u00fchzeitig per email. \u00a0Wir nehmen zeitgleich bis zu drei Praktikant*Innen.<\/p><p>(kgssebastianusschule@wuerselen.de)\u00a0 mit den folgenden Angaben:<\/p><p>Name und email-Adresse \/ Telefonnummer<\/p><p>ein kurzer Lebenslauf<\/p><p>Art des Praktikums<\/p><p>Dauer des Praktikums<\/p><p>gew\u00fcnschter Zeitraum<\/p><p>Beobachtungsschwerpunkte etc.\u00a0<\/p><p><strong>Am ersten Praktikumstag<\/strong> ben\u00f6tigen wir einen Nachweis \u00fcber die zweifach Masernimpfung (Original Impfnachweisheft bitte vorlegen) oder Nachweis Impfstatus.<\/p>\t\t\t\t\t\t<\/div>\n\t\t\t\t<\/div>\n\t\t\t\t\t<\/div>\n\t\t<\/div>\n\t\t\t\t\t\t\t<\/div>\n\t\t<\/section>\n\t\t\t\t<section class=\"elementor-section elementor-top-section elementor-element elementor-element-d9149d5 elementor-section-boxed elementor-section-height-default elementor-section-height-default\" data-id=\"d9149d5\" data-element_type=\"section\">\n\t\t\t\t\t\t<div class=\"elementor-container elementor-column-gap-default\">\n\t\t\t\t\t<div class=\"elementor-column elementor-col-100 elementor-top-column elementor-element elementor-element-69f95db\" data-id=\"69f95db\" data-element_type=\"column\">\n\t\t\t<div class=\"elementor-widget-wrap elementor-element-populated\">\n\t\t\t\t\t\t\t\t<div class=\"elementor-element elementor-element-f8d573b elementor-widget elementor-widget-text-editor\" data-id=\"f8d573b\" data-element_type=\"widget\" data-widget_type=\"text-editor.default\">\n\t\t\t\t<div class=\"elementor-widget-container\">\n\t\t\t\t\t\t\t<p><strong><u><a href=\"http:\/\/www.sebastianusschule.de\/wpkgss\/wp-content\/uploads\/2024\/06\/Verschwiegenheitsverpflichtung-Selbstverpflichtung-Praktikant.pdf\">Verschwiegenheitsverpflichtung-Selbstverpflichtung-Praktikant.pdf<\/a><\/u><\/strong><\/p>\t\t\t\t\t\t<\/div>\n\t\t\t\t<\/div>\n\t\t\t\t\t<\/div>\n\t\t<\/div>\n\t\t\t\t\t\t\t<\/div>\n\t\t<\/section>\n\t\t\t\t\t\t\t<\/div>\n\t\t","protected":false},"excerpt":{"rendered":"<p>Praktikum an der Sebastianusschule Regelm\u00e4\u00dfig absolvieren Sch\u00fcler*innen der weiterf\u00fchrenden Schulen sowie Student*innen mehrw\u00f6chige Praktika an unserer Schule. In Zusammenarbeit mit den betreuenden Lehrkr\u00e4ften erhalten Sie wertvolle Einblicke in den Schulalltag aus Lehrersicht. Wir versuchen, Ihnen unsere Arbeit transparent zu machen und vieles zu erl\u00e4utern. Seien Sie gerne neugierig und fragen Sie nach, wenn etwas unklar [&hellip;]<\/p>\n","protected":false},"author":7,"featured_media":0,"parent":0,"menu_order":0,"comment_status":"closed","ping_status":"closed","template":"","meta":{"footnotes":""},"_links":{"self":[{"href":"http:\/\/www.sebastianusschule.de\/wpkgss\/wp-json\/wp\/v2\/pages\/254"}],"collection":[{"href":"http:\/\/www.sebastianusschule.de\/wpkgss\/wp-json\/wp\/v2\/pages"}],"about":[{"href":"http:\/\/www.sebastianusschule.de\/wpkgss\/wp-json\/wp\/v2\/types\/page"}],"author":[{"embeddable":true,"href":"http:\/\/www.sebastianusschule.de\/wpkgss\/wp-json\/wp\/v2\/users\/7"}],"replies":[{"embeddable":true,"href":"http:\/\/www.sebastianusschule.de\/wpkgss\/wp-json\/wp\/v2\/comments?post=254"}],"version-history":[{"count":30,"href":"http:\/\/www.sebastianusschule.de\/wpkgss\/wp-json\/wp\/v2\/pages\/254\/revisions"}],"predecessor-version":[{"id":4299,"href":"http:\/\/www.sebastianusschule.de\/wpkgss\/wp-json\/wp\/v2\/pages\/254\/revisions\/4299"}],"wp:attachment":[{"href":"http:\/\/www.sebastianusschule.de\/wpkgss\/wp-json\/wp\/v2\/media?parent=254"}],"curies":[{"name":"wp","href":"https:\/\/api.w.org\/{rel}","templated":true}]}}